{"id":9,"date":"2022-03-11T17:30:26","date_gmt":"2022-03-11T23:30:26","guid":{"rendered":"http:\/\/www.grupocrmconstruccionesgt.com\/?page_id=9"},"modified":"2022-05-03T23:58:51","modified_gmt":"2022-05-04T05:58:51","slug":"nostros","status":"publish","type":"page","link":"https:\/\/www.grupocrmconstruccionesgt.com\/?page_id=9","title":{"rendered":"Nosotros"},"content":{"rendered":"<p><div class=\"fusion-fullwidth fullwidth-box fusion-builder-row-1 fusion-flex-container nonhundred-percent-fullwidth non-hundred-percent-height-scrolling\" style=\"background-color: var(--awb-color4);background-position: center center;background-repeat: no-repeat;border-width: 0px 0 0px 0px;border-color:var(--awb-color3);border-style:solid;\" ><div class=\"fusion-builder-row fusion-row fusion-flex-align-items-center fusion-flex-justify-content-space-between\" style=\"max-width:1040px;margin-left: calc(-4% \/ 2 );margin-right: calc(-4% \/ 2 );\"><div class=\"fusion-layout-column fusion_builder_column fusion-builder-column-0 fusion_builder_column_1_1 1_1 fusion-flex-column fusion-flex-align-self-center\"><div class=\"fusion-column-wrapper fusion-flex-justify-content-center fusion-content-layout-column\" style=\"background-position:left top;background-repeat:no-repeat;-webkit-background-size:cover;-moz-background-size:cover;-o-background-size:cover;background-size:cover;background-color:var(--awb-color4);padding: 80px 0px 40px 0px;\"><div class=\"fusion-text fusion-text-1 fusion-text-no-margin\" style=\"text-align:center;font-size:35px;line-height:var(--awb-typography1-line-height);letter-spacing:var(--awb-typography1-letter-spacing);text-transform:var(--awb-typography1-text-transform);color:var(--awb-color5);font-family:var(--awb-typography1-font-family);font-weight:var(--awb-typography1-font-weight);font-style:var(--awb-typography1-font-style);\"><p>Nosotros<\/p>\n<\/div><\/div><style type=\"text\/css\">.fusion-body .fusion-builder-column-0{width:100% !important;margin-top : 0px;margin-bottom : 0px;}.fusion-builder-column-0 > .fusion-column-wrapper {padding-top : 80px !important;padding-right : 0px !important;margin-right : 1.92%;padding-bottom : 40px !important;padding-left : 0px !important;margin-left : 1.92%;}@media only screen and (max-width:1024px) {.fusion-body .fusion-builder-column-0{width:100% !important;order : 0;}.fusion-builder-column-0 > .fusion-column-wrapper {margin-right : 1.92%;margin-left : 1.92%;}}@media only screen and (max-width:640px) {.fusion-body .fusion-builder-column-0{width:100% !important;order : 0;}.fusion-builder-column-0 > .fusion-column-wrapper {margin-right : 1.92%;margin-left : 1.92%;}}<\/style><\/div><div class=\"fusion-layout-column fusion_builder_column fusion-builder-column-1 fusion_builder_column_1_2 1_2 fusion-flex-column\"><div class=\"fusion-column-wrapper fusion-flex-justify-content-flex-start fusion-content-layout-column\" style=\"background-position:left top;background-repeat:no-repeat;-webkit-background-size:cover;-moz-background-size:cover;-o-background-size:cover;background-size:cover;padding: 0px 0px 0px 0px;\"><div class=\"fusion-text fusion-text-2\"><p>Somos una Empresa que presta servicios integrales de construcci\u00f3n y remodelaci\u00f3n, con 15 a\u00f1os de experiencia en el mercado Guatemalteco y Centroamericano.<\/p>\n<p>Nuestros valores son: Responsabilidad, Honestidad, Compromiso y Calidad.<\/p>\n<p>Nos diferenciamos cuidando hasta el m\u00e1s m\u00ednimo detalle en cada proyecto, entregando un trabajo excelente y que cumpla con las expectativas de nuestros clientes.<\/p>\n<p>Realizamos trabajos a la medida, desde lo m\u00e1s m\u00ednimo hasta los proyectos m\u00e1s exigentes.<\/p>\n<\/div><\/div><style type=\"text\/css\">.fusion-body .fusion-builder-column-1{width:50% !important;margin-top : 10px;margin-bottom : 80px;}.fusion-builder-column-1 > .fusion-column-wrapper {padding-top : 0px !important;padding-right : 0px !important;margin-right : 3.84%;padding-bottom : 0px !important;padding-left : 0px !important;margin-left : 3.84%;}@media only screen and (max-width:1024px) {.fusion-body .fusion-builder-column-1{width:50% !important;order : 0;}.fusion-builder-column-1 > .fusion-column-wrapper {margin-right : 3.84%;margin-left : 3.84%;}}@media only screen and (max-width:640px) {.fusion-body .fusion-builder-column-1{width:100% !important;order : 0;}.fusion-builder-column-1 > .fusion-column-wrapper {margin-right : 1.92%;margin-left : 1.92%;}}<\/style><\/div><div class=\"fusion-layout-column fusion_builder_column fusion-builder-column-2 fusion_builder_column_1_2 1_2 fusion-flex-column\"><div class=\"fusion-column-wrapper fusion-flex-justify-content-flex-start fusion-content-layout-column\" style=\"background-position:left top;background-repeat:no-repeat;-webkit-background-size:cover;-moz-background-size:cover;-o-background-size:cover;background-size:cover;padding: 0px 0px 0px 0px;\"><div ><div class=\"awb-image-frame awb-image-frame-1 imageframe-liftup\"><span class=\" fusion-imageframe imageframe-none imageframe-1\"><img decoding=\"async\" width=\"686\" height=\"720\" alt=\"construcciones y remodelaciones en Guatemala\" src=\"https:\/\/www.grupocrmconstruccionesgt.com\/wp-content\/uploads\/2022\/04\/31b9559a-c61d-4400-9482-38b6151ea90b.jpg\" class=\"img-responsive wp-image-156\" srcset=\"https:\/\/www.grupocrmconstruccionesgt.com\/wp-content\/uploads\/2022\/04\/31b9559a-c61d-4400-9482-38b6151ea90b-200x210.jpg 200w, https:\/\/www.grupocrmconstruccionesgt.com\/wp-content\/uploads\/2022\/04\/31b9559a-c61d-4400-9482-38b6151ea90b-400x420.jpg 400w, https:\/\/www.grupocrmconstruccionesgt.com\/wp-content\/uploads\/2022\/04\/31b9559a-c61d-4400-9482-38b6151ea90b-600x630.jpg 600w, https:\/\/www.grupocrmconstruccionesgt.com\/wp-content\/uploads\/2022\/04\/31b9559a-c61d-4400-9482-38b6151ea90b.jpg 686w\" sizes=\"(max-width: 640px) 100vw, 600px\" \/><\/span><\/div><\/div><\/div><style type=\"text\/css\">.fusion-body .fusion-builder-column-2{width:50% !important;margin-top : 80px;margin-bottom : 20px;}.fusion-builder-column-2 > .fusion-column-wrapper {padding-top : 0px !important;padding-right : 0px !important;margin-right : 3.84%;padding-bottom : 0px !important;padding-left : 0px !important;margin-left : 3.84%;}@media only screen and (max-width:1024px) {.fusion-body .fusion-builder-column-2{width:50% !important;order : 0;}.fusion-builder-column-2 > .fusion-column-wrapper {margin-right : 3.84%;margin-left : 3.84%;}}@media only screen and (max-width:640px) {.fusion-body .fusion-builder-column-2{width:100% !important;order : 0;}.fusion-builder-column-2 > .fusion-column-wrapper {margin-right : 1.92%;margin-left : 1.92%;}}<\/style><\/div><\/div><style type=\"text\/css\">.fusion-body .fusion-flex-container.fusion-builder-row-1{ padding-top : 0px;margin-top : 0px;padding-right : 0px;padding-bottom : 0px;margin-bottom : 0px;padding-left : 0px;}<\/style><\/div><div class=\"fusion-fullwidth fullwidth-box fusion-builder-row-2 fusion-flex-container nonhundred-percent-fullwidth non-hundred-percent-height-scrolling\" style=\"background-color: var(--awb-color5);background-position: center center;background-repeat: no-repeat;border-width: 0px 0px 0px 0px;border-color:var(--awb-color3);border-style:solid;\" ><div class=\"fusion-builder-row fusion-row fusion-flex-align-items-center fusion-flex-justify-content-space-between\" style=\"max-width:1040px;margin-left: calc(-4% \/ 2 );margin-right: calc(-4% \/ 2 );\"><div class=\"fusion-layout-column fusion_builder_column fusion-builder-column-3 fusion_builder_column_1_3 1_3 fusion-flex-column\"><div class=\"fusion-column-wrapper fusion-flex-justify-content-flex-start fusion-content-layout-column\" style=\"background-position:left top;background-repeat:no-repeat;-webkit-background-size:cover;-moz-background-size:cover;-o-background-size:cover;background-size:cover;padding: 0px 0px 0px 0px;\"><div class=\"fusion-text fusion-text-3\" style=\"text-align:left;font-size:14px;line-height:2;color:#ffffff;font-family:&quot;Montserrat&quot;;font-weight:300;\"><p><img decoding=\"async\" class=\"align=left size-full wp-image-50\" src=\"https:\/\/www.grupocrmconstruccionesgt.com\/wp-content\/uploads\/2022\/03\/Recurso-11@100x-70.png\" alt=\"Direcci\u00f3n\" width=\"20\" height=\"26\" \/> Direcci\u00f3n: 39 avenida 02-31 colonia San Fernando, zona 11, Guatemala<br \/>\n<img decoding=\"async\" class=\"align=left size-full wp-image-49\" src=\"https:\/\/www.grupocrmconstruccionesgt.com\/wp-content\/uploads\/2022\/03\/Recurso-12@100x-70.png\" alt=\"Tel\u00e9fono\" width=\"20\" height=\"19\" \/> PBX: 2298-8889<\/p>\n<\/div><\/div><style type=\"text\/css\">.fusion-body .fusion-builder-column-3{width:33.333333333333% !important;margin-top : 0px;margin-bottom : 20px;}.fusion-builder-column-3 > .fusion-column-wrapper {padding-top : 0px !important;padding-right : 0px !important;margin-right : 5.76%;padding-bottom : 0px !important;padding-left : 0px !important;margin-left : 5.76%;}@media only screen and (max-width:1024px) {.fusion-body .fusion-builder-column-3{width:33.333333333333% !important;order : 0;}.fusion-builder-column-3 > .fusion-column-wrapper {margin-right : 5.76%;margin-left : 5.76%;}}@media only screen and (max-width:640px) {.fusion-body .fusion-builder-column-3{width:100% !important;order : 0;}.fusion-builder-column-3 > .fusion-column-wrapper {margin-right : 1.92%;margin-left : 1.92%;}}<\/style><\/div><div class=\"fusion-layout-column fusion_builder_column fusion-builder-column-4 fusion_builder_column_1_3 1_3 fusion-flex-column\"><div class=\"fusion-column-wrapper fusion-flex-justify-content-flex-start fusion-content-layout-column\" style=\"background-position:left top;background-repeat:no-repeat;-webkit-background-size:cover;-moz-background-size:cover;-o-background-size:cover;background-size:cover;padding: 0px 0px 0px 0px;\"><div style=\"text-align:center;\"><span class=\" fusion-imageframe imageframe-none imageframe-2 hover-type-none\"><img decoding=\"async\" width=\"200\" height=\"66\" alt=\"CRM construcciones y remodelaciones en Guatemala\" src=\"https:\/\/www.grupocrmconstruccionesgt.com\/wp-content\/uploads\/2022\/03\/LOGO-CRM-200PX-1.png\" class=\"img-responsive wp-image-57\"\/><\/span><\/div><\/div><style type=\"text\/css\">.fusion-body .fusion-builder-column-4{width:33.333333333333% !important;margin-top : 0px;margin-bottom : 20px;}.fusion-builder-column-4 > .fusion-column-wrapper {padding-top : 0px !important;padding-right : 0px !important;margin-right : 5.76%;padding-bottom : 0px !important;padding-left : 0px !important;margin-left : 5.76%;}@media only screen and (max-width:1024px) {.fusion-body .fusion-builder-column-4{width:33.333333333333% !important;order : 0;}.fusion-builder-column-4 > .fusion-column-wrapper {margin-right : 5.76%;margin-left : 5.76%;}}@media only screen and (max-width:640px) {.fusion-body .fusion-builder-column-4{width:100% !important;order : 0;}.fusion-builder-column-4 > .fusion-column-wrapper {margin-right : 1.92%;margin-left : 1.92%;}}<\/style><\/div><div class=\"fusion-layout-column fusion_builder_column fusion-builder-column-5 fusion_builder_column_1_3 1_3 fusion-flex-column\"><div class=\"fusion-column-wrapper fusion-flex-justify-content-flex-start fusion-content-layout-column\" style=\"background-position:left top;background-repeat:no-repeat;-webkit-background-size:cover;-moz-background-size:cover;-o-background-size:cover;background-size:cover;padding: 0px 0px 0px 0px;\"><div class=\"fusion-social-links fusion-social-links-1\"><div class=\"fusion-social-networks\"><div class=\"fusion-social-networks-wrapper\"><a class=\"fusion-social-network-icon fusion-tooltip fusion-facebook awb-icon-facebook\" style=\"color:#ffffff;font-size:16px;\" data-placement=\"top\" data-title=\"Facebook\" data-toggle=\"tooltip\" title=\"Facebook\" aria-label=\"facebook\" target=\"_blank\" rel=\"noopener noreferrer\" href=\"https:\/\/www.facebook.com\/CRMconstruccionesgt\"><\/a><a class=\"fusion-social-network-icon fusion-tooltip fusion-instagram awb-icon-instagram\" style=\"color:#ffffff;font-size:16px;\" data-placement=\"top\" data-title=\"Instagram\" data-toggle=\"tooltip\" title=\"Instagram\" aria-label=\"instagram\" target=\"_blank\" rel=\"noopener noreferrer\" href=\"https:\/\/www.instagram.com\/CRM_construccionesgt\"><\/a><a class=\"fusion-social-network-icon fusion-tooltip fusion-whatsapp awb-icon-whatsapp\" style=\"color:#ffffff;font-size:16px;\" data-placement=\"top\" data-title=\"WhatsApp\" data-toggle=\"tooltip\" title=\"WhatsApp\" aria-label=\"whatsapp\" target=\"_blank\" rel=\"noopener noreferrer\" href=\"https:\/\/wa.me\/50254930563\"><\/a><\/div><\/div><\/div><style type=\"text\/css\">.fusion-social-links-1{text-align:right;}.fusion-social-links-1 .boxed-icons .fusion-social-network-icon{border-top-width:0px !important;border-right-width:0px !important;border-bottom-width:0px !important;border-left-width:0px !important;border-color:var(--awb-color3) !important;}.fusion-social-links-1 .boxed-icons .fusion-social-network-icon:hover{background-color:var(--awb-color1) !important;border-color:var(--awb-color4) !important;}.fusion-social-links-1 .fusion-social-network-icon:hover{color:var(--awb-color3) !important;}@media only screen and (max-width:1024px){.fusion-social-links-1{text-align:;} }@media only screen and (max-width:640px){.fusion-social-links-1{text-align:;} }.fusion-social-links-1{ margin-top : 0px;margin-right : 0px;margin-bottom : 0px;margin-left : 0px;}<\/style><\/div><style type=\"text\/css\">.fusion-body .fusion-builder-column-5{width:33.333333333333% !important;margin-top : 0px;margin-bottom : 20px;}.fusion-builder-column-5 > .fusion-column-wrapper {padding-top : 0px !important;padding-right : 0px !important;margin-right : 5.76%;padding-bottom : 0px !important;padding-left : 0px !important;margin-left : 5.76%;}@media only screen and (max-width:1024px) {.fusion-body .fusion-builder-column-5{width:33.333333333333% !important;order : 0;}.fusion-builder-column-5 > .fusion-column-wrapper {margin-right : 5.76%;margin-left : 5.76%;}}@media only screen and (max-width:640px) {.fusion-body .fusion-builder-column-5{width:100% !important;order : 0;}.fusion-builder-column-5 > .fusion-column-wrapper {margin-right : 1.92%;margin-left : 1.92%;}}<\/style><\/div><\/div><style type=\"text\/css\">.fusion-body .fusion-flex-container.fusion-builder-row-2{ padding-top : 60px;margin-top : 0;padding-right : 40px;padding-bottom : 40px;margin-bottom : 0px;padding-left : 40px;}<\/style><\/div><\/p>\n","protected":false},"excerpt":{"rendered":"","protected":false},"author":1,"featured_media":0,"parent":0,"menu_order":0,"comment_status":"closed","ping_status":"closed","template":"100-width.php","meta":{"footnotes":""},"class_list":["post-9","page","type-page","status-publish","hentry"],"yoast_head":"<!-- This site is optimized with the Yoast SEO plugin v18.6 - https:\/\/yoast.com\/wordpress\/plugins\/seo\/ -->\n<title>Nosotros - CRM Construcciones<\/title>\n<meta name=\"description\" content=\"Somos una Empresa que presta servicios integrales de construcci\u00f3n y remodelaci\u00f3n, con 15 a\u00f1os de experiencia en el mercado Guatemalteco y Centroamericano.\" \/>\n<meta name=\"robots\" content=\"index, follow, max-snippet:-1, max-image-preview:large, max-video-preview:-1\" \/>\n<link rel=\"canonical\" href=\"https:\/\/www.grupocrmconstruccionesgt.com\/?page_id=9\" \/>\n<meta property=\"og:locale\" content=\"es_ES\" \/>\n<meta property=\"og:type\" content=\"article\" \/>\n<meta property=\"og:title\" content=\"Nosotros - CRM Construcciones\" \/>\n<meta property=\"og:description\" content=\"Somos una Empresa que presta servicios integrales de construcci\u00f3n y remodelaci\u00f3n, con 15 a\u00f1os de experiencia en el mercado Guatemalteco y Centroamericano.\" \/>\n<meta property=\"og:url\" content=\"https:\/\/www.grupocrmconstruccionesgt.com\/?page_id=9\" \/>\n<meta property=\"og:site_name\" content=\"CRM Construcciones\" \/>\n<meta property=\"article:modified_time\" content=\"2022-05-04T05:58:51+00:00\" \/>\n<meta property=\"og:image\" content=\"http:\/\/www.grupocrmconstruccionesgt.com\/wp-content\/uploads\/2022\/03\/Recurso-11@100x-70.png\" \/>\n<meta name=\"twitter:card\" content=\"summary_large_image\" \/>\n<meta name=\"twitter:label1\" content=\"Est. reading time\" \/>\n\t<meta name=\"twitter:data1\" content=\"4 minutos\" \/>\n<script type=\"application\/ld+json\" class=\"yoast-schema-graph\">{\"@context\":\"https:\/\/schema.org\",\"@graph\":[{\"@type\":\"Organization\",\"@id\":\"https:\/\/www.grupocrmconstruccionesgt.com\/#organization\",\"name\":\"Grupo CRM Construcciones Guatemala\",\"url\":\"https:\/\/www.grupocrmconstruccionesgt.com\/\",\"sameAs\":[],\"logo\":{\"@type\":\"ImageObject\",\"@id\":\"https:\/\/www.grupocrmconstruccionesgt.com\/#logo\",\"inLanguage\":\"es\",\"url\":\"https:\/\/www.grupocrmconstruccionesgt.com\/wp-content\/uploads\/2022\/03\/Recurso-1@100x-70.jpg\",\"contentUrl\":\"https:\/\/www.grupocrmconstruccionesgt.com\/wp-content\/uploads\/2022\/03\/Recurso-1@100x-70.jpg\",\"width\":300,\"height\":127,\"caption\":\"Grupo CRM Construcciones Guatemala\"},\"image\":{\"@id\":\"https:\/\/www.grupocrmconstruccionesgt.com\/#logo\"}},{\"@type\":\"WebSite\",\"@id\":\"https:\/\/www.grupocrmconstruccionesgt.com\/#website\",\"url\":\"https:\/\/www.grupocrmconstruccionesgt.com\/\",\"name\":\"CRM Construcciones\",\"description\":\"Construcciones con excelencia hasta el m\u00e1s m\u00ednimo detalle\",\"publisher\":{\"@id\":\"https:\/\/www.grupocrmconstruccionesgt.com\/#organization\"},\"potentialAction\":[{\"@type\":\"SearchAction\",\"target\":{\"@type\":\"EntryPoint\",\"urlTemplate\":\"https:\/\/www.grupocrmconstruccionesgt.com\/?s={search_term_string}\"},\"query-input\":\"required name=search_term_string\"}],\"inLanguage\":\"es\"},{\"@type\":\"ImageObject\",\"@id\":\"https:\/\/www.grupocrmconstruccionesgt.com\/?page_id=9#primaryimage\",\"inLanguage\":\"es\",\"url\":\"http:\/\/www.grupocrmconstruccionesgt.com\/wp-content\/uploads\/2022\/03\/Recurso-11@100x-70.png\",\"contentUrl\":\"http:\/\/www.grupocrmconstruccionesgt.com\/wp-content\/uploads\/2022\/03\/Recurso-11@100x-70.png\"},{\"@type\":\"WebPage\",\"@id\":\"https:\/\/www.grupocrmconstruccionesgt.com\/?page_id=9#webpage\",\"url\":\"https:\/\/www.grupocrmconstruccionesgt.com\/?page_id=9\",\"name\":\"Nosotros - CRM Construcciones\",\"isPartOf\":{\"@id\":\"https:\/\/www.grupocrmconstruccionesgt.com\/#website\"},\"primaryImageOfPage\":{\"@id\":\"https:\/\/www.grupocrmconstruccionesgt.com\/?page_id=9#primaryimage\"},\"datePublished\":\"2022-03-11T23:30:26+00:00\",\"dateModified\":\"2022-05-04T05:58:51+00:00\",\"description\":\"Somos una Empresa que presta servicios integrales de construcci\u00f3n y remodelaci\u00f3n, con 15 a\u00f1os de experiencia en el mercado Guatemalteco y Centroamericano.\",\"breadcrumb\":{\"@id\":\"https:\/\/www.grupocrmconstruccionesgt.com\/?page_id=9#breadcrumb\"},\"inLanguage\":\"es\",\"potentialAction\":[{\"@type\":\"ReadAction\",\"target\":[\"https:\/\/www.grupocrmconstruccionesgt.com\/?page_id=9\"]}]},{\"@type\":\"BreadcrumbList\",\"@id\":\"https:\/\/www.grupocrmconstruccionesgt.com\/?page_id=9#breadcrumb\",\"itemListElement\":[{\"@type\":\"ListItem\",\"position\":1,\"name\":\"Home\",\"item\":\"https:\/\/www.grupocrmconstruccionesgt.com\/\"},{\"@type\":\"ListItem\",\"position\":2,\"name\":\"Nosotros\"}]}]}<\/script>\n<!-- \/ Yoast SEO plugin. -->","yoast_head_json":{"title":"Nosotros - CRM Construcciones","description":"Somos una Empresa que presta servicios integrales de construcci\u00f3n y remodelaci\u00f3n, con 15 a\u00f1os de experiencia en el mercado Guatemalteco y Centroamericano.","robots":{"index":"index","follow":"follow","max-snippet":"max-snippet:-1","max-image-preview":"max-image-preview:large","max-video-preview":"max-video-preview:-1"},"canonical":"https:\/\/www.grupocrmconstruccionesgt.com\/?page_id=9","og_locale":"es_ES","og_type":"article","og_title":"Nosotros - CRM Construcciones","og_description":"Somos una Empresa que presta servicios integrales de construcci\u00f3n y remodelaci\u00f3n, con 15 a\u00f1os de experiencia en el mercado Guatemalteco y Centroamericano.","og_url":"https:\/\/www.grupocrmconstruccionesgt.com\/?page_id=9","og_site_name":"CRM Construcciones","article_modified_time":"2022-05-04T05:58:51+00:00","og_image":[{"url":"http:\/\/www.grupocrmconstruccionesgt.com\/wp-content\/uploads\/2022\/03\/Recurso-11@100x-70.png"}],"twitter_card":"summary_large_image","twitter_misc":{"Est. reading time":"4 minutos"},"schema":{"@context":"https:\/\/schema.org","@graph":[{"@type":"Organization","@id":"https:\/\/www.grupocrmconstruccionesgt.com\/#organization","name":"Grupo CRM Construcciones Guatemala","url":"https:\/\/www.grupocrmconstruccionesgt.com\/","sameAs":[],"logo":{"@type":"ImageObject","@id":"https:\/\/www.grupocrmconstruccionesgt.com\/#logo","inLanguage":"es","url":"https:\/\/www.grupocrmconstruccionesgt.com\/wp-content\/uploads\/2022\/03\/Recurso-1@100x-70.jpg","contentUrl":"https:\/\/www.grupocrmconstruccionesgt.com\/wp-content\/uploads\/2022\/03\/Recurso-1@100x-70.jpg","width":300,"height":127,"caption":"Grupo CRM Construcciones Guatemala"},"image":{"@id":"https:\/\/www.grupocrmconstruccionesgt.com\/#logo"}},{"@type":"WebSite","@id":"https:\/\/www.grupocrmconstruccionesgt.com\/#website","url":"https:\/\/www.grupocrmconstruccionesgt.com\/","name":"CRM Construcciones","description":"Construcciones con excelencia hasta el m\u00e1s m\u00ednimo detalle","publisher":{"@id":"https:\/\/www.grupocrmconstruccionesgt.com\/#organization"},"potentialAction":[{"@type":"SearchAction","target":{"@type":"EntryPoint","urlTemplate":"https:\/\/www.grupocrmconstruccionesgt.com\/?s={search_term_string}"},"query-input":"required name=search_term_string"}],"inLanguage":"es"},{"@type":"ImageObject","@id":"https:\/\/www.grupocrmconstruccionesgt.com\/?page_id=9#primaryimage","inLanguage":"es","url":"http:\/\/www.grupocrmconstruccionesgt.com\/wp-content\/uploads\/2022\/03\/Recurso-11@100x-70.png","contentUrl":"http:\/\/www.grupocrmconstruccionesgt.com\/wp-content\/uploads\/2022\/03\/Recurso-11@100x-70.png"},{"@type":"WebPage","@id":"https:\/\/www.grupocrmconstruccionesgt.com\/?page_id=9#webpage","url":"https:\/\/www.grupocrmconstruccionesgt.com\/?page_id=9","name":"Nosotros - CRM Construcciones","isPartOf":{"@id":"https:\/\/www.grupocrmconstruccionesgt.com\/#website"},"primaryImageOfPage":{"@id":"https:\/\/www.grupocrmconstruccionesgt.com\/?page_id=9#primaryimage"},"datePublished":"2022-03-11T23:30:26+00:00","dateModified":"2022-05-04T05:58:51+00:00","description":"Somos una Empresa que presta servicios integrales de construcci\u00f3n y remodelaci\u00f3n, con 15 a\u00f1os de experiencia en el mercado Guatemalteco y Centroamericano.","breadcrumb":{"@id":"https:\/\/www.grupocrmconstruccionesgt.com\/?page_id=9#breadcrumb"},"inLanguage":"es","potentialAction":[{"@type":"ReadAction","target":["https:\/\/www.grupocrmconstruccionesgt.com\/?page_id=9"]}]},{"@type":"BreadcrumbList","@id":"https:\/\/www.grupocrmconstruccionesgt.com\/?page_id=9#breadcrumb","itemListElement":[{"@type":"ListItem","position":1,"name":"Home","item":"https:\/\/www.grupocrmconstruccionesgt.com\/"},{"@type":"ListItem","position":2,"name":"Nosotros"}]}]}},"_links":{"self":[{"href":"https:\/\/www.grupocrmconstruccionesgt.com\/index.php?rest_route=\/wp\/v2\/pages\/9","targetHints":{"allow":["GET"]}}],"collection":[{"href":"https:\/\/www.grupocrmconstruccionesgt.com\/index.php?rest_route=\/wp\/v2\/pages"}],"about":[{"href":"https:\/\/www.grupocrmconstruccionesgt.com\/index.php?rest_route=\/wp\/v2\/types\/page"}],"author":[{"embeddable":true,"href":"https:\/\/www.grupocrmconstruccionesgt.com\/index.php?rest_route=\/wp\/v2\/users\/1"}],"replies":[{"embeddable":true,"href":"https:\/\/www.grupocrmconstruccionesgt.com\/index.php?rest_route=%2Fwp%2Fv2%2Fcomments&post=9"}],"version-history":[{"count":14,"href":"https:\/\/www.grupocrmconstruccionesgt.com\/index.php?rest_route=\/wp\/v2\/pages\/9\/revisions"}],"predecessor-version":[{"id":195,"href":"https:\/\/www.grupocrmconstruccionesgt.com\/index.php?rest_route=\/wp\/v2\/pages\/9\/revisions\/195"}],"wp:attachment":[{"href":"https:\/\/www.grupocrmconstruccionesgt.com\/index.php?rest_route=%2Fwp%2Fv2%2Fmedia&parent=9"}],"curies":[{"name":"wp","href":"https:\/\/api.w.org\/{rel}","templated":true}]}}